{"id":4231,"date":"2025-04-18T12:47:39","date_gmt":"2025-04-18T10:47:39","guid":{"rendered":"https:\/\/isaaac.tech\/?page_id=4231"},"modified":"2025-10-11T00:03:37","modified_gmt":"2025-10-10T22:03:37","slug":"about-us-6-6","status":"publish","type":"page","link":"https:\/\/isaaac.tech\/es\/about-us-6-6\/","title":{"rendered":"Alain Platteau D\u00edaz"},"content":{"rendered":"<div data-elementor-type=\"wp-page\" data-elementor-id=\"4231\" class=\"elementor elementor-4231\">\n\t\t\t\t<div class=\"elementor-element elementor-element-62cc2de9 e-flex e-con-boxed e-con e-parent\" data-id=\"62cc2de9\" data-element_type=\"container\" data-e-type=\"container\" data-settings=\"{&quot;background_background&quot;:&quot;classic&quot;}\">\n\t\t\t\t\t<div class=\"e-con-inner\">\n\t\t\t\t\t<\/div>\n\t\t\t\t<\/div>\n\t\t<div class=\"elementor-element elementor-element-41258ecf e-flex e-con-boxed e-con e-parent\" data-id=\"41258ecf\" data-element_type=\"container\" data-e-type=\"container\">\n\t\t\t\t\t<div class=\"e-con-inner\">\n\t\t<div class=\"elementor-element elementor-element-19a605c3 e-con-full e-flex e-con e-child\" data-id=\"19a605c3\" data-element_type=\"container\" data-e-type=\"container\">\n\t\t\t\t<div class=\"elementor-element elementor-element-40060b59 elementor-widget__width-initial elementor-widget-tablet__width-initial elementor-widget-mobile__width-initial elementor-widget elementor-widget-image\" data-id=\"40060b59\" data-element_type=\"widget\" data-e-type=\"widget\" data-widget_type=\"image.default\">\n\t\t\t\t<div class=\"elementor-widget-container\">\n\t\t\t\t\t\t\t\t\t\t\t\t\t\t\t<img decoding=\"async\" width=\"145\" height=\"196\" src=\"https:\/\/isaaac.tech\/wp-content\/uploads\/2025\/04\/Alain-Platteau-Diaz.png\" class=\"attachment-medium size-medium wp-image-4233\" alt=\"\" srcset=\"https:\/\/isaaac.tech\/wp-content\/uploads\/2025\/04\/Alain-Platteau-Diaz.png 145w, https:\/\/isaaac.tech\/wp-content\/uploads\/2025\/04\/Alain-Platteau-Diaz-9x12.png 9w\" sizes=\"(max-width: 145px) 100vw, 145px\" \/>\t\t\t\t\t\t\t\t\t\t\t\t\t\t\t<\/div>\n\t\t\t\t<\/div>\n\t\t\t\t<\/div>\n\t\t<div class=\"elementor-element elementor-element-703fcf0 e-con-full e-flex e-con e-child\" data-id=\"703fcf0\" data-element_type=\"container\" data-e-type=\"container\">\n\t\t\t\t<div class=\"elementor-element elementor-element-7a801b2e elementor-widget elementor-widget-heading\" data-id=\"7a801b2e\" data-element_type=\"widget\" data-e-type=\"widget\" data-widget_type=\"heading.default\">\n\t\t\t\t<div class=\"elementor-widget-container\">\n\t\t\t\t\t<h6 class=\"elementor-heading-title elementor-size-default\">Alain Platteau D\u00edaz<\/h6>\t\t\t\t<\/div>\n\t\t\t\t<\/div>\n\t\t\t\t<div class=\"elementor-element elementor-element-5b917f47 elementor-widget elementor-widget-heading\" data-id=\"5b917f47\" data-element_type=\"widget\" data-e-type=\"widget\" data-widget_type=\"heading.default\">\n\t\t\t\t<div class=\"elementor-widget-container\">\n\t\t\t\t\t<h6 class=\"elementor-heading-title elementor-size-default\">ISAAAC Student Member<\/h6>\t\t\t\t<\/div>\n\t\t\t\t<\/div>\n\t\t\t\t<div class=\"elementor-element elementor-element-a8952af elementor-widget elementor-widget-heading\" data-id=\"a8952af\" data-element_type=\"widget\" data-e-type=\"widget\" data-widget_type=\"heading.default\">\n\t\t\t\t<div class=\"elementor-widget-container\">\n\t\t\t\t\t<h6 class=\"elementor-heading-title elementor-size-default\">University of Salamanca<\/h6>\t\t\t\t<\/div>\n\t\t\t\t<\/div>\n\t\t\t\t<\/div>\n\t\t\t\t\t<\/div>\n\t\t\t\t<\/div>\n\t\t<div class=\"elementor-element elementor-element-698944bc e-flex e-con-boxed e-con e-parent\" data-id=\"698944bc\" data-element_type=\"container\" data-e-type=\"container\">\n\t\t\t\t\t<div class=\"e-con-inner\">\n\t\t\t\t<div class=\"elementor-element elementor-element-6a8dac77 elementor-widget elementor-widget-text-editor\" data-id=\"6a8dac77\" data-element_type=\"widget\" data-e-type=\"widget\" data-widget_type=\"text-editor.default\">\n\t\t\t\t<div class=\"elementor-widget-container\">\n\t\t\t\t\t\t\t\t\t<p data-start=\"210\" data-end=\"546\">Alain Platteau D\u00edaz is a Criminology undergraduate from Logro\u00f1o, Spain, currently contributing to ISAAAC as a student member. With a strong academic background in Social Sciences and a growing interest in public policy, social justice, and research, he brings a fresh perspective grounded in both local and international experiences.<\/p><p data-start=\"548\" data-end=\"911\">He completed a year of study in the United States, which enriched his cultural understanding and academic outlook. His skills in teamwork, communication, and analytical thinking are further supported by his active engagement in social skills workshops and extracurricular activities such as basketball, which has shaped his collaborative and disciplined approach.<\/p><p data-start=\"913\" data-end=\"1161\">Fluent in Spanish and English (B2), with additional proficiency in French (B1), Alain is passionate about applying his knowledge in real-world contexts and expanding his understanding of societal challenges through research and collaboration.<\/p>\t\t\t\t\t\t\t\t<\/div>\n\t\t\t\t<\/div>\n\t\t\t\t\t<\/div>\n\t\t\t\t<\/div>\n\t\t\t\t<\/div>","protected":false},"excerpt":{"rendered":"<p>Alain Platteau D\u00edaz ISAAAC Student Member University of Salamanca Alain Platteau D\u00edaz is a Criminology undergraduate from Logro\u00f1o, Spain, currently contributing to ISAAAC as a student member. With a strong academic background in Social Sciences and a growing interest in public policy, social justice, and research, he brings a fresh perspective grounded in both local [&hellip;]<\/p>","protected":false},"author":1,"featured_media":0,"parent":0,"menu_order":0,"comment_status":"closed","ping_status":"closed","template":"","meta":{"footnotes":""},"class_list":["post-4231","page","type-page","status-publish","hentry"],"blocksy_meta":[],"_links":{"self":[{"href":"https:\/\/isaaac.tech\/es\/wp-json\/wp\/v2\/pages\/4231","targetHints":{"allow":["GET"]}}],"collection":[{"href":"https:\/\/isaaac.tech\/es\/wp-json\/wp\/v2\/pages"}],"about":[{"href":"https:\/\/isaaac.tech\/es\/wp-json\/wp\/v2\/types\/page"}],"author":[{"embeddable":true,"href":"https:\/\/isaaac.tech\/es\/wp-json\/wp\/v2\/users\/1"}],"replies":[{"embeddable":true,"href":"https:\/\/isaaac.tech\/es\/wp-json\/wp\/v2\/comments?post=4231"}],"version-history":[{"count":25,"href":"https:\/\/isaaac.tech\/es\/wp-json\/wp\/v2\/pages\/4231\/revisions"}],"predecessor-version":[{"id":7213,"href":"https:\/\/isaaac.tech\/es\/wp-json\/wp\/v2\/pages\/4231\/revisions\/7213"}],"wp:attachment":[{"href":"https:\/\/isaaac.tech\/es\/wp-json\/wp\/v2\/media?parent=4231"}],"curies":[{"name":"wp","href":"https:\/\/api.w.org\/{rel}","templated":true}]}}