{"id":4170,"date":"2025-04-18T10:38:10","date_gmt":"2025-04-18T08:38:10","guid":{"rendered":"https:\/\/isaaac.tech\/?page_id=4170"},"modified":"2025-10-10T23:59:29","modified_gmt":"2025-10-10T21:59:29","slug":"mr-roger-fernando-meneses-gonzales","status":"publish","type":"page","link":"https:\/\/isaaac.tech\/es\/mr-roger-fernando-meneses-gonzales\/","title":{"rendered":"Mr. Roger Fernando Meneses Gonzales"},"content":{"rendered":"<div data-elementor-type=\"wp-page\" data-elementor-id=\"4170\" class=\"elementor elementor-4170\">\n\t\t\t\t<div class=\"elementor-element elementor-element-6a4e5fe9 e-flex e-con-boxed e-con e-parent\" data-id=\"6a4e5fe9\" data-element_type=\"container\" data-e-type=\"container\" data-settings=\"{&quot;background_background&quot;:&quot;classic&quot;}\">\n\t\t\t\t\t<div class=\"e-con-inner\">\n\t\t\t\t\t<\/div>\n\t\t\t\t<\/div>\n\t\t<div class=\"elementor-element elementor-element-20f6f3d6 e-flex e-con-boxed e-con e-parent\" data-id=\"20f6f3d6\" data-element_type=\"container\" data-e-type=\"container\">\n\t\t\t\t\t<div class=\"e-con-inner\">\n\t\t<div class=\"elementor-element elementor-element-73266337 e-con-full e-flex e-con e-child\" data-id=\"73266337\" data-element_type=\"container\" data-e-type=\"container\">\n\t\t\t\t<div class=\"elementor-element elementor-element-7af6b583 elementor-widget-tablet__width-initial elementor-widget elementor-widget-image\" data-id=\"7af6b583\" data-element_type=\"widget\" data-e-type=\"widget\" data-widget_type=\"image.default\">\n\t\t\t\t<div class=\"elementor-widget-container\">\n\t\t\t\t\t\t\t\t\t\t\t\t\t\t\t<img fetchpriority=\"high\" decoding=\"async\" width=\"270\" height=\"239\" src=\"https:\/\/isaaac.tech\/wp-content\/uploads\/2025\/04\/Mr.-Roger-Fernando-Meneses-Gonzales-1.png\" class=\"attachment-full size-full wp-image-4805\" alt=\"\" srcset=\"https:\/\/isaaac.tech\/wp-content\/uploads\/2025\/04\/Mr.-Roger-Fernando-Meneses-Gonzales-1.png 270w, https:\/\/isaaac.tech\/wp-content\/uploads\/2025\/04\/Mr.-Roger-Fernando-Meneses-Gonzales-1-14x12.png 14w\" sizes=\"(max-width: 270px) 100vw, 270px\" \/>\t\t\t\t\t\t\t\t\t\t\t\t\t\t\t<\/div>\n\t\t\t\t<\/div>\n\t\t\t\t<\/div>\n\t\t<div class=\"elementor-element elementor-element-583f4412 e-con-full e-flex e-con e-child\" data-id=\"583f4412\" data-element_type=\"container\" data-e-type=\"container\">\n\t\t\t\t<div class=\"elementor-element elementor-element-6be53689 elementor-widget elementor-widget-heading\" data-id=\"6be53689\" data-element_type=\"widget\" data-e-type=\"widget\" data-widget_type=\"heading.default\">\n\t\t\t\t<div class=\"elementor-widget-container\">\n\t\t\t\t\t<h6 class=\"elementor-heading-title elementor-size-default\">Mr. Roger Fernando Meneses Gonzales<\/h6>\t\t\t\t<\/div>\n\t\t\t\t<\/div>\n\t\t\t\t<div class=\"elementor-element elementor-element-18e7f026 elementor-widget elementor-widget-heading\" data-id=\"18e7f026\" data-element_type=\"widget\" data-e-type=\"widget\" data-widget_type=\"heading.default\">\n\t\t\t\t<div class=\"elementor-widget-container\">\n\t\t\t\t\t<h6 class=\"elementor-heading-title elementor-size-default\">University of Per\u00fa<\/h6>\t\t\t\t<\/div>\n\t\t\t\t<\/div>\n\t\t\t\t<\/div>\n\t\t\t\t<div class=\"elementor-element elementor-element-e7b60ec elementor-widget__width-initial elementor-widget-tablet__width-initial elementor-widget elementor-widget-image\" data-id=\"e7b60ec\" data-element_type=\"widget\" data-e-type=\"widget\" data-widget_type=\"image.default\">\n\t\t\t\t<div class=\"elementor-widget-container\">\n\t\t\t\t\t\t\t\t\t\t\t\t\t\t\t<img decoding=\"async\" width=\"193\" height=\"300\" src=\"https:\/\/isaaac.tech\/wp-content\/uploads\/2025\/04\/Roger-Meneses-y-rectora-193x300.jpg\" class=\"attachment-medium size-medium wp-image-4195\" alt=\"\" srcset=\"https:\/\/isaaac.tech\/wp-content\/uploads\/2025\/04\/Roger-Meneses-y-rectora-193x300.jpg 193w, https:\/\/isaaac.tech\/wp-content\/uploads\/2025\/04\/Roger-Meneses-y-rectora-658x1024.jpg 658w, https:\/\/isaaac.tech\/wp-content\/uploads\/2025\/04\/Roger-Meneses-y-rectora-768x1195.jpg 768w, https:\/\/isaaac.tech\/wp-content\/uploads\/2025\/04\/Roger-Meneses-y-rectora-987x1536.jpg 987w, https:\/\/isaaac.tech\/wp-content\/uploads\/2025\/04\/Roger-Meneses-y-rectora-8x12.jpg 8w, https:\/\/isaaac.tech\/wp-content\/uploads\/2025\/04\/Roger-Meneses-y-rectora.jpg 1028w\" sizes=\"(max-width: 193px) 100vw, 193px\" \/>\t\t\t\t\t\t\t\t\t\t\t\t\t\t\t<\/div>\n\t\t\t\t<\/div>\n\t\t<div class=\"elementor-element elementor-element-bbb37a7 e-con-full e-flex e-con e-child\" data-id=\"bbb37a7\" data-element_type=\"container\" data-e-type=\"container\">\n\t\t\t\t<div class=\"elementor-element elementor-element-56881e5 elementor-widget__width-initial elementor-widget-tablet__width-initial elementor-widget elementor-widget-heading\" data-id=\"56881e5\" data-element_type=\"widget\" data-e-type=\"widget\" data-widget_type=\"heading.default\">\n\t\t\t\t<div class=\"elementor-widget-container\">\n\t\t\t\t\t<h6 class=\"elementor-heading-title elementor-size-default\">Mr. Roger Fernando Meneses Gonzales and  Ms. Jeri Gloria Ram\u00f3n Ruffner de Vega (Rector of the University of Per\u00fa)<\/h6>\t\t\t\t<\/div>\n\t\t\t\t<\/div>\n\t\t\t\t<\/div>\n\t\t\t\t\t<\/div>\n\t\t\t\t<\/div>\n\t\t<div class=\"elementor-element elementor-element-3cf357f7 e-flex e-con-boxed e-con e-parent\" data-id=\"3cf357f7\" data-element_type=\"container\" data-e-type=\"container\">\n\t\t\t\t\t<div class=\"e-con-inner\">\n\t\t\t\t<div class=\"elementor-element elementor-element-6be2344e elementor-widget elementor-widget-text-editor\" data-id=\"6be2344e\" data-element_type=\"widget\" data-e-type=\"widget\" data-widget_type=\"text-editor.default\">\n\t\t\t\t<div class=\"elementor-widget-container\">\n\t\t\t\t\t\t\t\t\t<p>Peruvian lawyer with a solid track record in the public and private sectors, specializing in criminal law and crime prevention. He has served as a Provincial Prosecutor in various jurisdictions across the country, excelling in the implementation of the New Code of Criminal Procedure (NCPP) in regions such as Puno and Hu\u00e1nuco. His experience also encompasses civil, family, and labor law, complemented by extensive teaching experience at the Inca Garcilaso de la Vega University. He served as a clerk at the Superior Court of Justice of Callao in the Civil Division, and as a legal advisor to major companies and organizations in Lima. Internationally, he worked in law and management firms in Spain, where he gained experience in administrative and business consulting. He currently leads the law firm Meneses &amp; Meneses as general manager, providing consulting and legal defense nationally and internationally. His professional focus is on strategic crime prevention, strengthening criminal justice, and defending fundamental rights.<\/p>\t\t\t\t\t\t\t\t<\/div>\n\t\t\t\t<\/div>\n\t\t\t\t\t<\/div>\n\t\t\t\t<\/div>\n\t\t\t\t<\/div>","protected":false},"excerpt":{"rendered":"<p>Mr. Roger Fernando Meneses Gonzales University of Per\u00fa Mr. Roger Fernando Meneses Gonzales and Ms. Jeri Gloria Ram\u00f3n Ruffner de Vega (Rector of the University of Per\u00fa) Peruvian lawyer with a solid track record in the public and private sectors, specializing in criminal law and crime prevention. He has served as a Provincial Prosecutor in [&hellip;]<\/p>","protected":false},"author":1,"featured_media":0,"parent":0,"menu_order":0,"comment_status":"closed","ping_status":"closed","template":"","meta":{"footnotes":""},"class_list":["post-4170","page","type-page","status-publish","hentry"],"blocksy_meta":[],"_links":{"self":[{"href":"https:\/\/isaaac.tech\/es\/wp-json\/wp\/v2\/pages\/4170","targetHints":{"allow":["GET"]}}],"collection":[{"href":"https:\/\/isaaac.tech\/es\/wp-json\/wp\/v2\/pages"}],"about":[{"href":"https:\/\/isaaac.tech\/es\/wp-json\/wp\/v2\/types\/page"}],"author":[{"embeddable":true,"href":"https:\/\/isaaac.tech\/es\/wp-json\/wp\/v2\/users\/1"}],"replies":[{"embeddable":true,"href":"https:\/\/isaaac.tech\/es\/wp-json\/wp\/v2\/comments?post=4170"}],"version-history":[{"count":32,"href":"https:\/\/isaaac.tech\/es\/wp-json\/wp\/v2\/pages\/4170\/revisions"}],"predecessor-version":[{"id":7195,"href":"https:\/\/isaaac.tech\/es\/wp-json\/wp\/v2\/pages\/4170\/revisions\/7195"}],"wp:attachment":[{"href":"https:\/\/isaaac.tech\/es\/wp-json\/wp\/v2\/media?parent=4170"}],"curies":[{"name":"wp","href":"https:\/\/api.w.org\/{rel}","templated":true}]}}