{"id":4061,"date":"2025-04-15T12:01:31","date_gmt":"2025-04-15T10:01:31","guid":{"rendered":"https:\/\/isaaac.tech\/?page_id=4061"},"modified":"2025-06-20T00:20:47","modified_gmt":"2025-06-19T22:20:47","slug":"about-us-6-5","status":"publish","type":"page","link":"https:\/\/isaaac.tech\/es\/about-us-6-5\/","title":{"rendered":"Prof. Tom\u00e1s Torroba P\u00e9rez"},"content":{"rendered":"<div data-elementor-type=\"wp-page\" data-elementor-id=\"4061\" class=\"elementor elementor-4061\">\n\t\t\t\t<div class=\"elementor-element elementor-element-23773512 e-flex e-con-boxed e-con e-parent\" data-id=\"23773512\" data-element_type=\"container\" data-e-type=\"container\" data-settings=\"{&quot;background_background&quot;:&quot;classic&quot;}\">\n\t\t\t\t\t<div class=\"e-con-inner\">\n\t\t\t\t\t<\/div>\n\t\t\t\t<\/div>\n\t\t<div class=\"elementor-element elementor-element-675f05a0 e-flex e-con-boxed e-con e-parent\" data-id=\"675f05a0\" data-element_type=\"container\" data-e-type=\"container\">\n\t\t\t\t\t<div class=\"e-con-inner\">\n\t\t<div class=\"elementor-element elementor-element-15d8c9d0 e-con-full e-flex e-con e-child\" data-id=\"15d8c9d0\" data-element_type=\"container\" data-e-type=\"container\">\n\t\t\t\t<div class=\"elementor-element elementor-element-74a50207 elementor-widget-tablet__width-initial elementor-widget elementor-widget-image\" data-id=\"74a50207\" data-element_type=\"widget\" data-e-type=\"widget\" data-widget_type=\"image.default\">\n\t\t\t\t<div class=\"elementor-widget-container\">\n\t\t\t\t\t\t\t\t\t\t\t\t\t\t\t<img fetchpriority=\"high\" decoding=\"async\" width=\"300\" height=\"225\" src=\"https:\/\/isaaac.tech\/wp-content\/uploads\/2025\/04\/Tomas-Torroba-Perez-2-300x225.jpg\" class=\"attachment-medium size-medium wp-image-4068\" alt=\"\" srcset=\"https:\/\/isaaac.tech\/wp-content\/uploads\/2025\/04\/Tomas-Torroba-Perez-2-300x225.jpg 300w, https:\/\/isaaac.tech\/wp-content\/uploads\/2025\/04\/Tomas-Torroba-Perez-2-1024x768.jpg 1024w, https:\/\/isaaac.tech\/wp-content\/uploads\/2025\/04\/Tomas-Torroba-Perez-2-768x576.jpg 768w, https:\/\/isaaac.tech\/wp-content\/uploads\/2025\/04\/Tomas-Torroba-Perez-2-1536x1152.jpg 1536w, https:\/\/isaaac.tech\/wp-content\/uploads\/2025\/04\/Tomas-Torroba-Perez-2-2048x1536.jpg 2048w, https:\/\/isaaac.tech\/wp-content\/uploads\/2025\/04\/Tomas-Torroba-Perez-2-16x12.jpg 16w\" sizes=\"(max-width: 300px) 100vw, 300px\" \/>\t\t\t\t\t\t\t\t\t\t\t\t\t\t\t<\/div>\n\t\t\t\t<\/div>\n\t\t\t\t<\/div>\n\t\t<div class=\"elementor-element elementor-element-296b0c34 e-con-full e-flex e-con e-child\" data-id=\"296b0c34\" data-element_type=\"container\" data-e-type=\"container\">\n\t\t\t\t<div class=\"elementor-element elementor-element-3fba3e6c elementor-widget elementor-widget-heading\" data-id=\"3fba3e6c\" data-element_type=\"widget\" data-e-type=\"widget\" data-widget_type=\"heading.default\">\n\t\t\t\t<div class=\"elementor-widget-container\">\n\t\t\t\t\t<h6 class=\"elementor-heading-title elementor-size-default\">Prof. Tom\u00e1s Torroba P\u00e9rez<\/h6>\t\t\t\t<\/div>\n\t\t\t\t<\/div>\n\t\t\t\t<div class=\"elementor-element elementor-element-43dbee02 elementor-widget elementor-widget-heading\" data-id=\"43dbee02\" data-element_type=\"widget\" data-e-type=\"widget\" data-widget_type=\"heading.default\">\n\t\t\t\t<div class=\"elementor-widget-container\">\n\t\t\t\t\t<h6 class=\"elementor-heading-title elementor-size-default\">University of Valladolid<\/h6>\t\t\t\t<\/div>\n\t\t\t\t<\/div>\n\t\t\t\t<\/div>\n\t\t\t\t\t<\/div>\n\t\t\t\t<\/div>\n\t\t<div class=\"elementor-element elementor-element-5893a527 e-flex e-con-boxed e-con e-parent\" data-id=\"5893a527\" data-element_type=\"container\" data-e-type=\"container\">\n\t\t\t\t\t<div class=\"e-con-inner\">\n\t\t\t\t<div class=\"elementor-element elementor-element-59d3aebc elementor-widget elementor-widget-text-editor\" data-id=\"59d3aebc\" data-element_type=\"widget\" data-e-type=\"widget\" data-widget_type=\"text-editor.default\">\n\t\t\t\t<div class=\"elementor-widget-container\">\n\t\t\t\t\t\t\t\t\t<p>Birth: Valladolid, December 21, 1956. Qualification: Doctor of Chemical Sciences from the University of Valladolid in 1982. Thesis Director: Prof. \u00c1ngel Alberola Figueroa. Position and Current Position: Professor of Organic Chemistry in the Department of Chemistry of the University of Burgos since 1998, full-time dedication. Previous positions: Assistant in the Department of Organic Chemistry of the Faculty of Sciences of the University of Valladolid, from 1978 to 1982. Lecturer in the Department of Organic Chemistry in the Faculty of Veterinary Medicine of the University of Extremadura, from 1983 to 1998. Dean of the Faculty of Sciences of the University of Burgos from 2000 to 2004. Director of the Organic Chemistry Area of the Chemistry Department of the University of Burgos 1999-2017. Main research topics: Sulfur-Nitrogen Heterocyclic Compounds, Multicomponent Reactions, Chemical Sensors, Supramolecular Chemistry. Web of Science finds 146 publications, with 4212 citations, h-index: 33, from them 40 publications in the last ten years, 90% in the first quartile. In the last ten years (2013-2023) the total number of publications is 40 and the number of publications in the first quartile is 90% of the total, with an average of 4 annual publications. Selected WOS articles in the last years: 1 article in Nature Chemistry (Imp. Fact. 24.3), 1 article in Nature Communications (Imp. Fact. 17.7), 1 article in Journal of the American Chemical Society (Imp. Fact. 15.4), 1 article in Journal of Materials Chemistry A (Imp. Fact. 14.5), 1 article in Green Chemistry (Imp. Fact. 11.0), 1 article in ACS Applied Materials and Interfaces (Imp. Fact. 10.4), 1 article in Chemical Science (Imp. Fact. 10.0), 1 article in Materials Chemistry Frontiers (Imp. Fact. 8.7), 1 article in Chemical Record (Imp. Fact. 6.9), 5 articles in Chemical Communications (Imp. Fact. 6.1), 4 articles in Organic Letters (Imp. Fact. 6.0), 3 articles in Inorganic Chemistry (Imp. Fact. 5.4), 1 article in Polymer Chemistry (Imp. Fact. 5.4), 1 article in Bioorganic Chemistry (Imp. Fact. 5.3), 1 article in Dyes and Pigments (Imp. Fact. 5.2), 7 articles in Chemistry-A European Journal (Imp. Fact. 5.0), 1 article in Molecules (Imp. Fact. 4.9), 1 article in Chemistry-An Asian Journal (Imp. Fact. 4.8), 1 article in Dalton Transactions (Imp. Fact. 4.6), 2 articles in Journal of Organic Chemistry (Imp. Fact. 4.1), 2 articles in 4 articles in Organic &amp; Biomolecular Chemistry (Imp. Fact. 3.4), 2 articles in Inorganica Chimica Acta (Imp. Fact. 3.1), 1 article in ChemistryOpen (Imp. Fact. 2.6), 2 articles in Tetrahedron (Imp. Fact. 2.4). Research sections (sexenios) evaluated positively: 6: 1986-1991 (Sci., Positive), 1992-1997 (Sci., Positive), 1998-2003 (Sci., Positive), 2004-2009 (Sci., Positive), 2010-2015 (Sci., Positive), 2013-2018 (Technology Transfer, Positive), 2016-2021 (Sci., Positive). Date last granted: 03\/05\/2022. <strong>THESIS:<\/strong> 10 PhD Thesis supervised during the last 10 years, 3 examples are:<\/p><p><strong>1.-<\/strong> Andrea Revilla Cuesta: New AIE luminogens from the naphthalimide and peryleneimide series: assembly on nanostructured materials for explosive detection, Supervisor: Tom\u00e1s Torroba P\u00e9rez, 06 October de 2023, \u201cSobresaliente cum laude\u201d, started September 2020, 8 publications, 2 patents.<\/p><p><strong>2.-<\/strong> Patricia Calvo Gredilla: Fluorogenic sensor materials derived from perylene-diimides: environmental and bio-imaging applications, Supervisor: Tom\u00e1s Torroba P\u00e9rez, 29 September 2017, \u201cSobresaliente cum laude\u201d, started July 2014, 8 publications, 3 patents. Currently working in a pharmaceutical industry.<\/p><p><strong>3.-<\/strong> Jos\u00e9 Garc\u00eda Calvo: Fluorescent probes and nanostructured materials for the detection of environmental toxins and the development of catalysts, Supervisor: Tom\u00e1s Torroba P\u00e9rez, 21 September 2018, \u201cSobresaliente cum laude\u201d, started July 2014, 9 publications, 4 patents. Currently working as a Mar\u00eda Zambrano researcher at T. Torres group, UAM\/IMDEA, Madrid.<\/p><p><strong>Part C. RELEVANT MERITS <\/strong><em>(sorted by typology)<\/em><\/p><p><strong>C.1. Publications.<\/strong><\/p><p><strong>1.-<\/strong> M. Sp\u00ednola-Amilibia, R. Illanes-Vicioso, E. Ruiz-L\u00f3pez, P. Colomer-Vidal, F. Rodriguez-Ventura, R. Peces-P\u00e9rez, C. F. Arias, T. Torroba, M. Sol\u00e0, E. Arias-Palomo, F. Bertocchini <strong>(2023)<\/strong>, Plastic degradation by insect hexamerins: Near-atomic resolution structures of the polyethylene-degrading proteins from the wax worm saliva, <strong>Science Advances<\/strong>, 9, eadi6813.<\/p><p><strong>2.-<\/strong> A. Revilla-Cuesta, I. Abajo-Cuadrado, M. Medrano, M. M. Salgado, M. Avella, M. T. Rodr\u00edguez, J. Garc\u00eda-Calvo, T. Torroba <strong>(2023)<\/strong>, Silica Nanoparticle\/Fluorescent Dye Assembly Capable of Ultrasensitively Detecting Airborne Triacetone Triperoxide: Proof-of-Concept Detection of Improvised Explosive Devices in the Workroom, <strong>ACS Applied Materials and Interfaces<\/strong>, <em>15<\/em>, 32024\u221232036.<\/p><p><strong>3.-<\/strong> A. Sanluis-Verdes, P. Colomer-Vidal, F. Rodriguez-Ventura, M. Bello-Villarino, M. Spinola-Amilibia, E. Ruiz-Lopez, R. Illanes-Vicioso, P. Castroviejo, R. Aiese Cigliano, M. Montoya, P. Falabella, C. Pesquera, L. Gonzalez-Legarreta, E. Arias-Palomo, M. Sol\u00e0, T. Torroba, C. F. Arias, F. Bertocchini <strong>(2022)<\/strong>, Wax worm saliva and the enzymes therein are the key to polyethylene degradation by Galleria mellonella, <strong>Nature Communications,<\/strong> <em>13<\/em>, 5568.<\/p><p><strong>4.-<\/strong> S. Lapcinska, A. Revilla-Cuesta, I. Abajo-Cuadrado, J. V. Cuevas, M. Avella, P. Arsenyan, T. Torroba <strong>(2021)<\/strong>, Dye-modified silica\u2013anatase nanoparticles for the ultrasensitive fluorogenic detection of the improvised explosive TATP in an air microfluidic device. <strong>Materials Chemistry Frontiers,<\/strong> <em>5<\/em> (23), 8097-8107.<\/p><p><strong>5.-<\/strong> D. C. Romero, P. Calvo-Gredilla, J. Garc\u00eda-Calvo, A. Diez-Varga, J. Vicente Cuevas, A. Revilla-Cuesta, N. Busto, I. Abajo, G. Aull\u00f3n, T. Torroba <strong>(2021)<\/strong>, Self-Assembly Hydrosoluble Coronenes: A Rich Source of Supramolecular Turn-On Fluorogenic Sensing Materials in Aqueous Media,<strong> Organic Letters<\/strong>, <em>23 <\/em>(22), 8727\u20138732.<\/p><p><strong>6.- <\/strong>N. Busto, J. Garc\u00eda-Calvo, J. V. Cuevas, A. Herrera, J.-L. Mergny, S. Pons, T. Torroba, B. Garc\u00eda <strong>(2021)<\/strong>, Influence of core extension and side chain nature in targeting G-quadruplex structures with perylene monoimide derivatives, <strong>Bioorganic Chemistry<\/strong>, <em>108<\/em> (3), 104660.<\/p><p><strong>7.- <\/strong>V. Garc\u00eda-Calvo, J. V. Cuevas, H. Barbero, S. Ferrero, C. M. \u00c1lvarez, J. A. Gonz\u00e1lez, B. D\u00edaz de Gre\u00f1u, J. Garc\u00eda-Calvo, T. Torroba <strong>(2019)<\/strong>: Synthesis of a Tetracorannulene\u2010Perylenediimide that Acts as a Selective Receptor for C60 over C70. <strong>Organic Letters<\/strong>, <em>21<\/em> (15), 5803\u20135807.<\/p><p><strong>8.-<\/strong> J. Garc\u00eda-Calvo, T. Torroba, V. Bra\u00f1as-Fresnillo, G. Perdomo, I. C\u00f3zar-Castellano, Y.-H. Li, Y.-M. Legrand, M. Barboiu <strong>(2019)<\/strong>, Manipulation of Transmembrane Transport by Synthetic K+ Ionophore Depsipeptides and Its Implications in Glucose-Stimulated Insulin Secretion in \u03b2-Cells, <strong>Chemistry \u2013 A European Journal<\/strong>, <em>25<\/em> (39), 9287-9294.<\/p><p><strong>9.-<\/strong> J. Garc\u00eda-Calvo, P. Calvo-Gredilla, M. Ib\u00e1\u00f1ez-Llorente, D. C. Romero, J. V. Cuevas, G. Garc\u00eda-Herbosa, M. Avella, T. Torroba <strong>(2018)<\/strong>: Surface functionalized silica nanoparticles for the off-on fluorogenic detection of an improvised explosive, TATP, in a vapour flow, <strong>Journal of Materials Chemistry A<\/strong>, <em>6<\/em> (10), 4416-4423.<\/p><p><strong>10.-<\/strong> J. Garc\u00eda-Calvo, P. Calvo-Gredilla, S. Vallejos, J. M. Garc\u00eda, J. V. Cuevas-Vicario, G. Garc\u00eda-Herbosa, M. Avella, T. Torroba <strong>(2018)<\/strong>: Palladium nanodendrites uniformly deposited on the surface of polymers as an efficient and recyclable catalyst for direct drug modification via Z-selective semihydrogenation of alkynes, <strong>Green Chemistry<\/strong>, <em>20<\/em> (16), 3875-3883.<\/p><p><strong>11.-<\/strong> J. Garcia-Calvo, V. Garcia-Calvo, S. Vallejos, F. C. Garc\u00eda, M. Avella, J. M. Garc\u00eda, T. Torroba <strong>(2016)<\/strong>: Surface Coating by Gold Nanoparticles on Functional Polymers: On Demand Portable Catalysts for Suzuki Reactions, <strong>ACS Applied Materials and Interfaces<\/strong>, <em>8<\/em> (38), 24999\u201325004.<\/p><p><strong>12.-<\/strong> J. Garc\u00eda-Calvo, S. Vallejos, F. C. Garc\u00eda, J. Rojo, J. M. Garc\u00eda, T. Torroba <strong>(2016)<\/strong>: A smart material for the in situ detection of mercury in fish, <strong>Chemical Communications<\/strong>, <em>52<\/em> (9), 11915-11918.<\/p><p><strong>13.-<\/strong> B. D\u00edaz de Gre\u00f1u, J. Garc\u00eda-Calvo, J. V. Cuevas, G. Garc\u00eda-Herbosa, B. Garc\u00eda, N. Busto, S. Ibeas, T. Torroba, B. Torroba, A. Herrera, S. Pons <strong>(2015)<\/strong>: Chemical Speciation of MeHg+ and Hg2+ in Water Solutions and HEK Cells Nuclei by means of DNA Interacting Fluorogenic Probes. <strong>Chemical Science<\/strong>, <em>6 <\/em>(7), 3757-3764.<\/p><p><strong>14.-<\/strong> B. D\u00edaz de Gre\u00f1u, D. Moreno, T. Torroba, A. Berg, J. Gunnars, T. Nilsson, R. Nyman, M. Persson, J. Pettersson, I. Eklind, P. W\u00e4sterby <strong>(2014)<\/strong>: Fluorescent Discrimination between Traces of Chemical Warfare Agents and Their Mimics. <strong>Journal of the American Chemical Society<\/strong>, <em>136<\/em> (11), 4125\u20134128.<\/p><p><strong>C.2. Congresses.<\/strong><\/p><p><strong>1.-<\/strong> Oral communication, 15 min., T. Torroba, From fluorescent biomarkers to soft nanotransporters, S13-OC06, XXVIII Reuni\u00f3n Bienal de la Real Sociedad Espa\u00f1ola de Qu\u00edmica (RSEQ) Granada, June 27-30, 2022.<\/p><p><strong>2.- <\/strong>Oral communication, 5 min., T. Torroba, Host-Guest Molecular Recognition of a Tetracorannulene-Perylenediimide with Two Molecules of Fullerene-C60, SP23, 14th International Symposium on Macrocyclic and Supramolecular Chemistry, June 2-6, 2019, Lecce, Italy.<\/p><p><strong>3.-<\/strong> Oral communication, 30 min., T. Torroba, Development of new chemical sensors and optical technologies for fast and sensitive detection of IEDs, Panel 4, &#8220;Advanced Stand-off Detection and Neutralization Technologies&#8221;, 4<sup>th<\/sup> C-IED Technology Workshop, October 01-03, 2019, Counter Improvised Explosive Devices Center of Excellence, Madrid.<\/p><p><strong>C.3. Research projects<\/strong>.<\/p><ol><li>Reference: PID2022-142318NB-I00. Self-assembling depsipeptides on aggregation-induced emission luminogens as a new way to create programmable nanovesicles, soft nanocarriers and green functional nanomaterials (FLUONANOVESICLE). Principal investigator: Tom\u00e1s Torroba. Financing entity: Agencia Estatal de Investigaci\u00f3n, Proyectos de Generaci\u00f3n de Conocimiento 2022, Ministerio de Ciencia e Innovaci\u00f3n. Duration: 01\/09\/2023 &#8211; 31\/08\/2027. Funding received: 120,000.00 euros. Project status: granted.<\/li><\/ol><p><strong>2.-<\/strong> Reference: PDC2022-133955-I00. Assembly of an AIEgen-based Fluorescent Dye and Silica Nanoparticles for the Ultrasensitive Detection of TATP in Air: A Chemical Nose Prototype for Searching IEDs in Carrier Baggage Storage [IED-CHEMDOG]. Principal investigator: Tom\u00e1s Torroba. Financing entity: Agencia Estatal de Investigaci\u00f3n, Pruebas de Concepto 2022, Ministerio de Ciencia e Innovaci\u00f3n. Duration: 01\/12\/2022 &#8211; 31\/05\/2025. Funding received: 115,000.00 \u00a0euros. Project status: granted.<\/p><p><strong>3.- <\/strong>Reference: PID2019-111215RB-I00. Development of new chemical sensors for fast and selective detection of improvised explosive devices [CHEMSIED]. Principal investigator: Tom\u00e1s Torroba. Financing entity: Agencia Estatal de Investigaci\u00f3n, Ministerio de Ciencia e Innovaci\u00f3n. Duration: 01\/06\/2020 &#8211; 31\/05\/2023. Funding received: 72,600.00 euros. Project status: granted.<\/p><p><strong>4.- <\/strong>Reference: BU263P18. Title: Fluorescent probes in nanostructured materials for the detection and modification of environmental toxins or trace contaminants and their incorporation into therapeutic strategies [FLUONANO]. Principal investigator: Tom\u00e1s Torroba. Financing entity: Junta de Castilla y Le\u00f3n, Council of Education, European Regional Development Fund. Duration: 11\/07\/2018 \u2013 31\/10\/2021. Funding received: 120,000.00 euros. Project status: granted.<\/p><p><strong>5.- <\/strong>Reference: 2019\/00122\/001. Title: Preimplantation factor (PIF) in the treatment of type 2 diabetes mellitus (PIF-T2DM). Principal investigators: Germ\u00e1n Perdomo, Tom\u00e1s Torroba. Financing entity: Fundacion Bancaria Caixa D. Estalvis I Pensions de Barcelona, La Caixa. Duration: 01\/12\/2020\u201330\/11\/2022. Funding received: 85,000.00 euros. Project status: granted.<\/p><p><strong>6.- <\/strong>Reference: 2019\/00122\/001. Title: New strategies in the treatment of obesity and diabetes mellitus using the preimplantation factor (PIF) in murine preclinical models (DIABO-PIF). Principal investigators: Germ\u00e1n Perdomo, Tom\u00e1s Torroba. Financing entity: Fundacion Bancaria Caixa D. Estalvis I Pensions de Barcelona, La Caixa. Duration: 01\/06\/2019 \u2013 31\/05\/2021. Funding received: 85,000.00 euros. Project status: granted.<\/p><p><strong>7.- <\/strong>Reference: SPS G5536. Title: Development of new chemical sensors and optical technologies for fast and sensitive detection of improvised explosives. Principal investigator: Tom\u00e1s Torroba. Financing entity: NATO SPS Program &#8211; Multi-year research projects. Duration: 01\/09\/2018 \u2013 01\/09\/2021. Funding received: 300,000.00 euros. Project status: granted.<\/p><p><strong>8.- <\/strong>Reference: CTQ2015-71353-R. Title: Development of new fluorogenic molecular devices for the fast detection of highly harmful chemical and biological agents [FLUOROMOL]. Principal investigator: Tom\u00e1s Torroba. Financing entity: Ministry of Economy and Competitiveness, General Directorate of Scientific and Technical Research, General Subdirectorate for Research Projects. Duration: 01\/01\/2016 \u2013 31\/12\/2018. Funding received: 95,590.00 euros. Project status: granted.<\/p><p><strong>9.- <\/strong>Project reference: SPIP2015-01820. Title: Fluorogenic detection and quantification of opioids in biological samples. Principal Investigator: Tom\u00e1s Torroba. Financing entity: General Directorate of Traffic, Traffic area, mobility and road safety for the financial year 2015. Duration: 01\/12\/2015 \u2013 01\/12\/2016 Funding received: 48,599.10 euros. Project status: granted.<\/p><p><strong>10.- <\/strong>Project reference: FP7-SEC-2012-312411 SNIFFER. Title: SNIFFER: Sensory devices network for food supply chain security. Principal investigator: Andre Oliveira. Financing entity: European Community, Seventh Framework Program, EU FP7-SECURITY, Subprogramme area: SEC-2012.1.5-4. Contract type: Small or medium-scale focused research Project. Duration: 05\/01\/2013 &#8211; 04\/30\/2016 Participation: Principal researcher at the University of Burgos in Work Package 3, 6 &amp; 7. Funding received: EU contribution: 2,720,029 euros. UBU budget: 224,698 euros. Project status: granted.<\/p><p><strong>11.- <\/strong>Project reference: CTQ2012-31611. Title: Detection and discrimination of organic contaminants and metabolites of high environmental impact by means of fluorogenic probes. Principal investigator: Tom\u00e1s Torroba. Financing entity: Ministry of Economy and Competitiveness, General Directorate of Scientific and Technical Research, General Subdirectorate for Research Projects. Fundamental research projects not oriented. Duration: 01\/01\/2013 &#8211; 12\/31\/2015. Financing received: 101,790 euros. Project status: granted.<\/p><p><strong>C.4. Contracts, technological or transfer merits.<\/strong><\/p><p><strong>1.-<\/strong> A. Diez de la Varga, T. Torroba P\u00e9rez, P. Calvo Gredilla, D. C. Romero Vel\u00e1squez, Perileno-3,4:9,10-tetracarboxidiimidas substituidas, procedimiento de preparaci\u00f3n y su uso como fluor\u00f3foros modulables, Patente de invenci\u00f3n con examen, ES2719503B2, 12.11.2019.<\/p><p><strong>2.-<\/strong> S. Vallejos Calzada, J. M. Garc\u00eda P\u00e9rez, F. Garc\u00eda Garc\u00eda, F. Serna Arenas, P. Calvo Gredilla, J. Garc\u00eda Calvo, T. Torroba P\u00e9rez, V. Garc\u00eda Calvo, P. M. Avella Romero, Obtenci\u00f3n de nanopart\u00edculas met\u00e1licas mediante uso de copol\u00edmeros en forma de membrana, Patente de invenci\u00f3n, ES2684426B1, 03.07.2019.<\/p><p><strong>3.- <\/strong>G. Garc\u00eda Herbosa, T. Torroba P\u00e9rez, J. V. Cuevas Vicario, V. Garc\u00eda Calvo, J. Garc\u00eda Calvo, Dispositivo para determinaci\u00f3n fluorim\u00e9trica de aminas terciarias, Patente de invenci\u00f3n, ES2684868B1, 09.07.2019.<\/p><p><strong>4.-<\/strong> T. Torroba P\u00e9rez, G. Garc\u00eda Herbosa, J. V. Cuevas Vicario, V. Garc\u00eda Calvo, Detecci\u00f3n por fluorescencia de aminas terciarias, Patente de invenci\u00f3n con examen previo ES2626231B2. 16.01.2018.<\/p><p><strong>5.-<\/strong> F. Fern\u00e1ndez L\u00e1zaro, N. Zink Lorre, A. Sastre Santos, T. Torroba P\u00e9rez, P. Calvo Gredilla, J. Garc\u00eda Calvo, 1-(Piperazin-n-ilaril)- y 1,7-Di(Piperazin-n-ilaril)Perileno-3,4:9,10-Tetracarboxidiimidas, procedimiento de preparaci\u00f3n de las mismas y su uso como detectores de explosivos oxidantes, Patente de invenci\u00f3n con examen, ES2619109B2, 27.09.2017.<\/p>\t\t\t\t\t\t\t\t<\/div>\n\t\t\t\t<\/div>\n\t\t\t\t\t<\/div>\n\t\t\t\t<\/div>\n\t\t\t\t<\/div>","protected":false},"excerpt":{"rendered":"<p>Prof. Tom\u00e1s Torroba P\u00e9rez University of Valladolid Birth: Valladolid, December 21, 1956. Qualification: Doctor of Chemical Sciences from the University of Valladolid in 1982. Thesis Director: Prof. \u00c1ngel Alberola Figueroa. Position and Current Position: Professor of Organic Chemistry in the Department of Chemistry of the University of Burgos since 1998, full-time dedication. Previous positions: Assistant [&hellip;]<\/p>","protected":false},"author":1,"featured_media":0,"parent":0,"menu_order":0,"comment_status":"closed","ping_status":"closed","template":"","meta":{"footnotes":""},"class_list":["post-4061","page","type-page","status-publish","hentry"],"blocksy_meta":[],"_links":{"self":[{"href":"https:\/\/isaaac.tech\/es\/wp-json\/wp\/v2\/pages\/4061","targetHints":{"allow":["GET"]}}],"collection":[{"href":"https:\/\/isaaac.tech\/es\/wp-json\/wp\/v2\/pages"}],"about":[{"href":"https:\/\/isaaac.tech\/es\/wp-json\/wp\/v2\/types\/page"}],"author":[{"embeddable":true,"href":"https:\/\/isaaac.tech\/es\/wp-json\/wp\/v2\/users\/1"}],"replies":[{"embeddable":true,"href":"https:\/\/isaaac.tech\/es\/wp-json\/wp\/v2\/comments?post=4061"}],"version-history":[{"count":13,"href":"https:\/\/isaaac.tech\/es\/wp-json\/wp\/v2\/pages\/4061\/revisions"}],"predecessor-version":[{"id":7069,"href":"https:\/\/isaaac.tech\/es\/wp-json\/wp\/v2\/pages\/4061\/revisions\/7069"}],"wp:attachment":[{"href":"https:\/\/isaaac.tech\/es\/wp-json\/wp\/v2\/media?parent=4061"}],"curies":[{"name":"wp","href":"https:\/\/api.w.org\/{rel}","templated":true}]}}