{"id":3468,"date":"2025-03-28T12:13:31","date_gmt":"2025-03-28T11:13:31","guid":{"rendered":"https:\/\/isaaac.tech\/?page_id=3468"},"modified":"2025-06-20T00:19:51","modified_gmt":"2025-06-19T22:19:51","slug":"prof-pedro-tomas-nevado-batalla-moreno","status":"publish","type":"page","link":"https:\/\/isaaac.tech\/es\/prof-pedro-tomas-nevado-batalla-moreno\/","title":{"rendered":"Prof. Pedro Tom\u00e1s Nevado &#8211; Batalla Moreno"},"content":{"rendered":"<div data-elementor-type=\"wp-page\" data-elementor-id=\"3468\" class=\"elementor elementor-3468\">\n\t\t\t\t<div class=\"elementor-element elementor-element-709e4562 e-flex e-con-boxed e-con e-parent\" data-id=\"709e4562\" data-element_type=\"container\" data-e-type=\"container\" data-settings=\"{&quot;background_background&quot;:&quot;classic&quot;}\">\n\t\t\t\t\t<div class=\"e-con-inner\">\n\t\t\t\t\t<\/div>\n\t\t\t\t<\/div>\n\t\t<div class=\"elementor-element elementor-element-11cd1d04 e-flex e-con-boxed e-con e-parent\" data-id=\"11cd1d04\" data-element_type=\"container\" data-e-type=\"container\">\n\t\t\t\t\t<div class=\"e-con-inner\">\n\t\t<div class=\"elementor-element elementor-element-3fd8b099 e-con-full e-flex e-con e-child\" data-id=\"3fd8b099\" data-element_type=\"container\" data-e-type=\"container\">\n\t\t\t\t<div class=\"elementor-element elementor-element-4ddc4349 elementor-widget-mobile__width-initial elementor-widget elementor-widget-image\" data-id=\"4ddc4349\" data-element_type=\"widget\" data-e-type=\"widget\" data-widget_type=\"image.default\">\n\t\t\t\t<div class=\"elementor-widget-container\">\n\t\t\t\t\t\t\t\t\t\t\t\t\t\t\t<img fetchpriority=\"high\" decoding=\"async\" width=\"300\" height=\"300\" src=\"https:\/\/isaaac.tech\/wp-content\/uploads\/2025\/03\/Pedro-Tomas-Nevado-Batalla-Moreno-300x300.jpg\" class=\"attachment-medium size-medium wp-image-2875\" alt=\"\" srcset=\"https:\/\/isaaac.tech\/wp-content\/uploads\/2025\/03\/Pedro-Tomas-Nevado-Batalla-Moreno-300x300.jpg 300w, https:\/\/isaaac.tech\/wp-content\/uploads\/2025\/03\/Pedro-Tomas-Nevado-Batalla-Moreno-150x150.jpg 150w, https:\/\/isaaac.tech\/wp-content\/uploads\/2025\/03\/Pedro-Tomas-Nevado-Batalla-Moreno-12x12.jpg 12w, https:\/\/isaaac.tech\/wp-content\/uploads\/2025\/03\/Pedro-Tomas-Nevado-Batalla-Moreno.jpg 356w\" sizes=\"(max-width: 300px) 100vw, 300px\" \/>\t\t\t\t\t\t\t\t\t\t\t\t\t\t\t<\/div>\n\t\t\t\t<\/div>\n\t\t\t\t<\/div>\n\t\t<div class=\"elementor-element elementor-element-5b98191d e-con-full e-flex e-con e-child\" data-id=\"5b98191d\" data-element_type=\"container\" data-e-type=\"container\">\n\t\t\t\t<div class=\"elementor-element elementor-element-2371a542 elementor-widget elementor-widget-heading\" data-id=\"2371a542\" data-element_type=\"widget\" data-e-type=\"widget\" data-widget_type=\"heading.default\">\n\t\t\t\t<div class=\"elementor-widget-container\">\n\t\t\t\t\t<h6 class=\"elementor-heading-title elementor-size-default\">Prof. Pedro Tom\u00e1s Nevado-Batalla Moreno<\/h6>\t\t\t\t<\/div>\n\t\t\t\t<\/div>\n\t\t\t\t<div class=\"elementor-element elementor-element-c35f4d0 elementor-widget elementor-widget-heading\" data-id=\"c35f4d0\" data-element_type=\"widget\" data-e-type=\"widget\" data-widget_type=\"heading.default\">\n\t\t\t\t<div class=\"elementor-widget-container\">\n\t\t\t\t\t<h6 class=\"elementor-heading-title elementor-size-default\">Knowledge Transfer Group of the University of Salamanca on \"Regulatory Compliance, New Technologies and Citizen Guarantees\"<\/h6>\t\t\t\t<\/div>\n\t\t\t\t<\/div>\n\t\t\t\t<div class=\"elementor-element elementor-element-0272715 elementor-widget elementor-widget-heading\" data-id=\"0272715\" data-element_type=\"widget\" data-e-type=\"widget\" data-widget_type=\"heading.default\">\n\t\t\t\t<div class=\"elementor-widget-container\">\n\t\t\t\t\t<h6 class=\"elementor-heading-title elementor-size-default\">University of Salamanca<\/h6>\t\t\t\t<\/div>\n\t\t\t\t<\/div>\n\t\t\t\t<\/div>\n\t\t\t\t\t<\/div>\n\t\t\t\t<\/div>\n\t\t<div class=\"elementor-element elementor-element-2e788282 e-flex e-con-boxed e-con e-parent\" data-id=\"2e788282\" data-element_type=\"container\" data-e-type=\"container\">\n\t\t\t\t\t<div class=\"e-con-inner\">\n\t\t\t\t<div class=\"elementor-element elementor-element-54afacbe elementor-widget elementor-widget-text-editor\" data-id=\"54afacbe\" data-element_type=\"widget\" data-e-type=\"widget\" data-widget_type=\"text-editor.default\">\n\t\t\t\t<div class=\"elementor-widget-container\">\n\t\t\t\t\t\t\t\t\t<p>Prof. Pedro Nevado es Doctor por la Universidad de Salamanca con la tesis La funci\u00f3n p\u00fablica militar r\u00e9gimen jur\u00eddico del personal militar profesional (1812-1994) 1995. Dirigida por Dr. Miguel \u00c1ngel Dom\u00ednguez-Berrueta de Juan.<\/p><p>Director del Centro de Investigaci\u00f3n para la Gobernanza Global y del Programa de Doctorado Estado de Derecho y Gobernanza Global de la Universidad de Salamanca. Es Licenciado y Doctor en Derecho por la misma universidad y diplomado en Defensa Nacional por la Escuela de Altos Estudios de la Defensa. Asimismo, tiene una amplia actividad docente tanto en universidades nacionales como en iberoamericanas.<\/p><p>Ha desempe\u00f1ado diferentes cargos institucionales, tales como: Miembro del Comit\u00e9 de \u00c9tica P\u00fablica de Castilla y Le\u00f3n, Consejero de Administraci\u00f3n P\u00fablica del Gobierno de Extremadura, Presidente del Consejo de Administraci\u00f3n y Consejero Delegado del grupo de empresas GPEX, Presidente del Consejo Consultivo de Extremadura y del Tribunal de Recursos Contractuales de Extremadura.<\/p><p>Investigador principal en diversos proyectos de investigaci\u00f3n y en contratos de transferencia de resultados. Es miembro del Grupo de Estudio contra la Corrupci\u00f3n (USAL) y miembro del Grupo de Investigaci\u00f3n en Derecho P\u00fablico y del Observatorio de Derecho Militar de la Pontificia Universidad Javeriana (Bogot\u00e1). Asimismo, tambi\u00e9n ha participado y redactado distintos procesos legislativos y elaboraci\u00f3n normativa.<\/p><p>\u00a0<\/p><p><strong>Otros enlaces acad\u00e9micos de inter\u00e9s:<\/strong> <a href=\"https:\/\/cigg-usal.es\/\" target=\"_blank\" rel=\"noopener\"><strong>CIGG<\/strong><\/a><\/p>\t\t\t\t\t\t\t\t<\/div>\n\t\t\t\t<\/div>\n\t\t\t\t\t<\/div>\n\t\t\t\t<\/div>\n\t\t\t\t<\/div>","protected":false},"excerpt":{"rendered":"<p>Prof. Pedro Tom\u00e1s Nevado-Batalla Moreno Knowledge Transfer Group of the University of Salamanca on &#8220;Regulatory Compliance, New Technologies and Citizen Guarantees&#8221; University of Salamanca Professor Pedro Nevado holds a PhD from the University of Salamanca with his thesis &#8220;The Military Public Service: The Legal Regime of Professional Military Personnel (1812-1994)&#8221; (1995). Supervised by Dr. Miguel [&hellip;]<\/p>","protected":false},"author":1,"featured_media":0,"parent":0,"menu_order":0,"comment_status":"closed","ping_status":"closed","template":"","meta":{"footnotes":""},"class_list":["post-3468","page","type-page","status-publish","hentry"],"blocksy_meta":[],"_links":{"self":[{"href":"https:\/\/isaaac.tech\/es\/wp-json\/wp\/v2\/pages\/3468","targetHints":{"allow":["GET"]}}],"collection":[{"href":"https:\/\/isaaac.tech\/es\/wp-json\/wp\/v2\/pages"}],"about":[{"href":"https:\/\/isaaac.tech\/es\/wp-json\/wp\/v2\/types\/page"}],"author":[{"embeddable":true,"href":"https:\/\/isaaac.tech\/es\/wp-json\/wp\/v2\/users\/1"}],"replies":[{"embeddable":true,"href":"https:\/\/isaaac.tech\/es\/wp-json\/wp\/v2\/comments?post=3468"}],"version-history":[{"count":24,"href":"https:\/\/isaaac.tech\/es\/wp-json\/wp\/v2\/pages\/3468\/revisions"}],"predecessor-version":[{"id":7066,"href":"https:\/\/isaaac.tech\/es\/wp-json\/wp\/v2\/pages\/3468\/revisions\/7066"}],"wp:attachment":[{"href":"https:\/\/isaaac.tech\/es\/wp-json\/wp\/v2\/media?parent=3468"}],"curies":[{"name":"wp","href":"https:\/\/api.w.org\/{rel}","templated":true}]}}