{"id":3324,"date":"2025-03-27T13:32:11","date_gmt":"2025-03-27T12:32:11","guid":{"rendered":"https:\/\/isaaac.tech\/?page_id=3324"},"modified":"2025-10-10T23:55:33","modified_gmt":"2025-10-10T21:55:33","slug":"mr-victor-martin-morollon-ll-b-2","status":"publish","type":"page","link":"https:\/\/isaaac.tech\/es\/mr-victor-martin-morollon-ll-b-2\/","title":{"rendered":"Mr. V\u00edctor Mart\u00edn Moroll\u00f3n, LL.B."},"content":{"rendered":"<div data-elementor-type=\"wp-page\" data-elementor-id=\"3324\" class=\"elementor elementor-3324\">\n\t\t\t\t<div class=\"elementor-element elementor-element-66a4e003 e-flex e-con-boxed e-con e-parent\" data-id=\"66a4e003\" data-element_type=\"container\" data-e-type=\"container\" data-settings=\"{&quot;background_background&quot;:&quot;classic&quot;}\">\n\t\t\t\t\t<div class=\"e-con-inner\">\n\t\t\t\t\t<\/div>\n\t\t\t\t<\/div>\n\t\t<div class=\"elementor-element elementor-element-3d6f4466 e-flex e-con-boxed e-con e-parent\" data-id=\"3d6f4466\" data-element_type=\"container\" data-e-type=\"container\">\n\t\t\t\t\t<div class=\"e-con-inner\">\n\t\t<div class=\"elementor-element elementor-element-12d56d50 e-con-full e-flex e-con e-child\" data-id=\"12d56d50\" data-element_type=\"container\" data-e-type=\"container\">\n\t\t\t\t<div class=\"elementor-element elementor-element-600cb696 elementor-widget-mobile__width-initial elementor-widget elementor-widget-image\" data-id=\"600cb696\" data-element_type=\"widget\" data-e-type=\"widget\" data-widget_type=\"image.default\">\n\t\t\t\t<div class=\"elementor-widget-container\">\n\t\t\t\t\t\t\t\t\t\t\t\t\t\t\t<img decoding=\"async\" width=\"210\" height=\"206\" src=\"https:\/\/isaaac.tech\/wp-content\/uploads\/2025\/03\/Mr.-Victor-Martin-Morollon-LL.B.jpg\" class=\"attachment-medium size-medium wp-image-2696\" alt=\"\" srcset=\"https:\/\/isaaac.tech\/wp-content\/uploads\/2025\/03\/Mr.-Victor-Martin-Morollon-LL.B.jpg 210w, https:\/\/isaaac.tech\/wp-content\/uploads\/2025\/03\/Mr.-Victor-Martin-Morollon-LL.B-12x12.jpg 12w\" sizes=\"(max-width: 210px) 100vw, 210px\" \/>\t\t\t\t\t\t\t\t\t\t\t\t\t\t\t<\/div>\n\t\t\t\t<\/div>\n\t\t\t\t<\/div>\n\t\t<div class=\"elementor-element elementor-element-6bddfdc5 e-con-full e-flex e-con e-child\" data-id=\"6bddfdc5\" data-element_type=\"container\" data-e-type=\"container\">\n\t\t\t\t<div class=\"elementor-element elementor-element-41e869f7 elementor-widget elementor-widget-heading\" data-id=\"41e869f7\" data-element_type=\"widget\" data-e-type=\"widget\" data-widget_type=\"heading.default\">\n\t\t\t\t<div class=\"elementor-widget-container\">\n\t\t\t\t\t<h6 class=\"elementor-heading-title elementor-size-default\">Mr. V\u00edctor Mart\u00edn Moroll\u00f3n, LL.B.<\/h6>\t\t\t\t<\/div>\n\t\t\t\t<\/div>\n\t\t\t\t<div class=\"elementor-element elementor-element-5958e85 elementor-widget elementor-widget-heading\" data-id=\"5958e85\" data-element_type=\"widget\" data-e-type=\"widget\" data-widget_type=\"heading.default\">\n\t\t\t\t<div class=\"elementor-widget-container\">\n\t\t\t\t\t<h6 class=\"elementor-heading-title elementor-size-default\">Financial Advisor ISAAAC Association<\/h6>\t\t\t\t<\/div>\n\t\t\t\t<\/div>\n\t\t\t\t<\/div>\n\t\t\t\t\t<\/div>\n\t\t\t\t<\/div>\n\t\t<div class=\"elementor-element elementor-element-43e419bc e-flex e-con-boxed e-con e-parent\" data-id=\"43e419bc\" data-element_type=\"container\" data-e-type=\"container\">\n\t\t\t\t\t<div class=\"e-con-inner\">\n\t\t\t\t<div class=\"elementor-element elementor-element-2a276d6a elementor-widget elementor-widget-text-editor\" data-id=\"2a276d6a\" data-element_type=\"widget\" data-e-type=\"widget\" data-widget_type=\"text-editor.default\">\n\t\t\t\t<div class=\"elementor-widget-container\">\n\t\t\t\t\t\t\t\t\t<p>Lawyer and Social Graduate. Responsible for labor, civil and commercial departments. He works for Martin &amp; De la Cueva Company, Salamanca. Expert in civil and commercial mediation. He holds a Law Degree from the Universidad Antonio de Nebrija in Madrid and Diploma in Labor Relations from the University of Salamanca.<\/p>\t\t\t\t\t\t\t\t<\/div>\n\t\t\t\t<\/div>\n\t\t\t\t\t<\/div>\n\t\t\t\t<\/div>\n\t\t\t\t<\/div>","protected":false},"excerpt":{"rendered":"<p>Mr. V\u00edctor Mart\u00edn Moroll\u00f3n, LL.B. Financial Advisor ISAAAC Association Lawyer and Social Graduate. Responsible for labor, civil and commercial departments. He works for Martin &amp; De la Cueva Company, Salamanca. Expert in civil and commercial mediation. He holds a Law Degree from the Universidad Antonio de Nebrija in Madrid and Diploma in Labor Relations from [&hellip;]<\/p>","protected":false},"author":1,"featured_media":0,"parent":0,"menu_order":0,"comment_status":"closed","ping_status":"closed","template":"","meta":{"footnotes":""},"class_list":["post-3324","page","type-page","status-publish","hentry"],"blocksy_meta":[],"_links":{"self":[{"href":"https:\/\/isaaac.tech\/es\/wp-json\/wp\/v2\/pages\/3324","targetHints":{"allow":["GET"]}}],"collection":[{"href":"https:\/\/isaaac.tech\/es\/wp-json\/wp\/v2\/pages"}],"about":[{"href":"https:\/\/isaaac.tech\/es\/wp-json\/wp\/v2\/types\/page"}],"author":[{"embeddable":true,"href":"https:\/\/isaaac.tech\/es\/wp-json\/wp\/v2\/users\/1"}],"replies":[{"embeddable":true,"href":"https:\/\/isaaac.tech\/es\/wp-json\/wp\/v2\/comments?post=3324"}],"version-history":[{"count":10,"href":"https:\/\/isaaac.tech\/es\/wp-json\/wp\/v2\/pages\/3324\/revisions"}],"predecessor-version":[{"id":7177,"href":"https:\/\/isaaac.tech\/es\/wp-json\/wp\/v2\/pages\/3324\/revisions\/7177"}],"wp:attachment":[{"href":"https:\/\/isaaac.tech\/es\/wp-json\/wp\/v2\/media?parent=3324"}],"curies":[{"name":"wp","href":"https:\/\/api.w.org\/{rel}","templated":true}]}}