{"id":2997,"date":"2025-03-16T13:46:04","date_gmt":"2025-03-16T12:46:04","guid":{"rendered":"https:\/\/isaaac.tech\/?page_id=2997"},"modified":"2025-06-19T23:47:13","modified_gmt":"2025-06-19T21:47:13","slug":"dr-domingo-sanchez-zarza-phd-4-2","status":"publish","type":"page","link":"https:\/\/isaaac.tech\/es\/dr-domingo-sanchez-zarza-phd-4-2\/","title":{"rendered":"Professor Asun L\u00f3pez-Varela, PhD"},"content":{"rendered":"<div data-elementor-type=\"wp-page\" data-elementor-id=\"2997\" class=\"elementor elementor-2997\">\n\t\t\t\t<div class=\"elementor-element elementor-element-7f3200a3 e-flex e-con-boxed e-con e-parent\" data-id=\"7f3200a3\" data-element_type=\"container\" data-e-type=\"container\" data-settings=\"{&quot;background_background&quot;:&quot;classic&quot;}\">\n\t\t\t\t\t<div class=\"e-con-inner\">\n\t\t\t\t\t<\/div>\n\t\t\t\t<\/div>\n\t\t<div class=\"elementor-element elementor-element-43a5fac8 e-flex e-con-boxed e-con e-parent\" data-id=\"43a5fac8\" data-element_type=\"container\" data-e-type=\"container\">\n\t\t\t\t\t<div class=\"e-con-inner\">\n\t\t<div class=\"elementor-element elementor-element-1b570b7a e-con-full e-flex e-con e-child\" data-id=\"1b570b7a\" data-element_type=\"container\" data-e-type=\"container\">\n\t\t\t\t<div class=\"elementor-element elementor-element-3e054397 elementor-widget-mobile__width-initial elementor-widget elementor-widget-image\" data-id=\"3e054397\" data-element_type=\"widget\" data-e-type=\"widget\" data-widget_type=\"image.default\">\n\t\t\t\t<div class=\"elementor-widget-container\">\n\t\t\t\t\t\t\t\t\t\t\t\t\t\t\t<img decoding=\"async\" width=\"223\" height=\"218\" src=\"https:\/\/isaaac.tech\/wp-content\/uploads\/2025\/03\/Professor-Asun-Lopez-Varela-PhD.jpg\" class=\"attachment-medium size-medium wp-image-3002\" alt=\"\" srcset=\"https:\/\/isaaac.tech\/wp-content\/uploads\/2025\/03\/Professor-Asun-Lopez-Varela-PhD.jpg 223w, https:\/\/isaaac.tech\/wp-content\/uploads\/2025\/03\/Professor-Asun-Lopez-Varela-PhD-12x12.jpg 12w\" sizes=\"(max-width: 223px) 100vw, 223px\" \/>\t\t\t\t\t\t\t\t\t\t\t\t\t\t\t<\/div>\n\t\t\t\t<\/div>\n\t\t\t\t<\/div>\n\t\t<div class=\"elementor-element elementor-element-7e20d170 e-con-full e-flex e-con e-child\" data-id=\"7e20d170\" data-element_type=\"container\" data-e-type=\"container\">\n\t\t\t\t<div class=\"elementor-element elementor-element-449cfa51 elementor-widget elementor-widget-heading\" data-id=\"449cfa51\" data-element_type=\"widget\" data-e-type=\"widget\" data-widget_type=\"heading.default\">\n\t\t\t\t<div class=\"elementor-widget-container\">\n\t\t\t\t\t<h6 class=\"elementor-heading-title elementor-size-default\">Prof. Asun L\u00f3pez-Varela, PhD<\/h6>\t\t\t\t<\/div>\n\t\t\t\t<\/div>\n\t\t\t\t<div class=\"elementor-element elementor-element-0099262 elementor-widget__width-initial elementor-widget elementor-widget-heading\" data-id=\"0099262\" data-element_type=\"widget\" data-e-type=\"widget\" data-widget_type=\"heading.default\">\n\t\t\t\t<div class=\"elementor-widget-container\">\n\t\t\t\t\t<h6 class=\"elementor-heading-title elementor-size-default\">Foundational Member  of  ISAAAC Advisory Board<\/h6>\t\t\t\t<\/div>\n\t\t\t\t<\/div>\n\t\t\t\t<div class=\"elementor-element elementor-element-6594fbc elementor-widget elementor-widget-heading\" data-id=\"6594fbc\" data-element_type=\"widget\" data-e-type=\"widget\" data-widget_type=\"heading.default\">\n\t\t\t\t<div class=\"elementor-widget-container\">\n\t\t\t\t\t<h6 class=\"elementor-heading-title elementor-size-default\">Universidad Complutense de Madrid (UCM) <\/h6>\t\t\t\t<\/div>\n\t\t\t\t<\/div>\n\t\t\t\t<div class=\"elementor-element elementor-element-792a6664 elementor-widget__width-initial elementor-widget elementor-widget-heading\" data-id=\"792a6664\" data-element_type=\"widget\" data-e-type=\"widget\" data-widget_type=\"heading.default\">\n\t\t\t\t<div class=\"elementor-widget-container\">\n\t\t\t\t\t<h6 class=\"elementor-heading-title elementor-size-default\">Member of the Executive Committee of the Association of Alumni of the Real Colegio Complutense in Harvard University.<\/h6>\t\t\t\t<\/div>\n\t\t\t\t<\/div>\n\t\t\t\t<\/div>\n\t\t\t\t\t<\/div>\n\t\t\t\t<\/div>\n\t\t<div class=\"elementor-element elementor-element-2b87821c e-flex e-con-boxed e-con e-parent\" data-id=\"2b87821c\" data-element_type=\"container\" data-e-type=\"container\">\n\t\t\t\t\t<div class=\"e-con-inner\">\n\t\t\t\t<div class=\"elementor-element elementor-element-5edad60b elementor-widget elementor-widget-text-editor\" data-id=\"5edad60b\" data-element_type=\"widget\" data-e-type=\"widget\" data-widget_type=\"text-editor.default\">\n\t\t\t\t<div class=\"elementor-widget-container\">\n\t\t\t\t\t\t\t\t\t<p>Asun L\u00f3pez-Varela is Associate Professor at Facultad Filolog\u00eda, Universidad Complutense de Madrid since 1994. She holds a PhD Anglo-American Culture and Literary Studies, a Diploma of Advance Studies in Spanish Literature from UNED, and a Master in Education Management from the Open University London. Her research interests are Comparative and World Literature, Cultural and Education Studies, as well as Cognitive and Intermedial Semiotics.<\/p><p>In 2007 she created the research program Studies on Intermediality and Intercultural Mediation SIIM.<\/p><p>A proactive member of the profession, L\u00f3pez-Varela colaborates in the Marie Curie Program of the European Office of the Fundaci\u00f3n Espa\u00f1ola de Ciencia y Tecnolog\u00eda FECYT.<\/p><p>Currently, L\u00f3pez-Varela is the president of the European Society of Comparative Literature. She is also in the Executive Committee of the Association of Alumni of the Real Colegio Complutense in Harvard University.<\/p><p>L\u00f3pez-Varela serves as external evaluator for the EU Educational, Audiovisual &amp; Culture Executive Agency EACEA (2013), the European Union Research Program Horizon<\/p><p>2020 (Reflecive Societies 2016), and MSCA Marie Sklodowska-Curie (2014-2015),<\/p><p>Evaluator of Trinity College Long Room Hub MSCA COFUND fellowship programme for the Arts and Humanities 2016 ; She is also evaluator for the scheme of the Netherlands Organisation for Scientific Research (NWO) &amp; for the German Academic Exchange Service DAAD P.R.I.M.E. Postdoctoral Researchers International Mobility Experience as well as external evaluator of the postgraduate programs of Comparative Literature at Dublin City University and<\/p><p>the Institute for Intermedial Studies at Linnaeus University. L\u00f3pez-Varela has collaborated as recruitment advisor with the Universidad Nacional de Educaci\u00f3n a Distancia UNED &amp;<\/p><p>the Department of Romance Studies Harvard University.<\/p><p>In order to strengthen relations between Europe and Asia, L\u00f3pez-Varela coordinates<\/p><p>the Complutense-One Asia Foundation Seminar Series on Cross-cultural dialogue funded by the One Asia Foundation.<\/p><p>In 2016, L\u00f3pez-Varela received a MSCA Marie Sklodowska-Curie fellowship as supervisor and is a member of MCAA Marie Curie Alumni Association in 2017, she received a micro-grant to attend MCAA events. She was also visiting scholar at Brown University (2010) and Harvard University (2013) and visiting professor at Delhi University (2011), Beijng Language and Culture University (every year since 2012), Kazakh National University, Almaty (2013, 2014). Tamkang University, Taipei &amp; Sun Jat Sen Univ. Kaohsiung (2014-2015). She is an honorary member of the Poetry Award Committee of Beijing Literature and ArtNetwork.<\/p><p>\u00a0<\/p><p>She also collaborates with other research groups such as Hermeneia Research Group at Universitat de Barcelona Mitocriticism Research Group at Complutense<\/p><p>Madrid and Semi\u00f3tica Comunicaci\u00f3n y Cultura<\/p><p>Lopez-Varela is keen in giving international visibility to research by colleagues and younger peers, and her editorial activities are a clear sign in this direction. She is Editor International Journal of the Humanities SJR Rank (Commonground Publishing), Associate International Editor Journal Comparative Literature and Aesthetics and collaborator in the InTech Open Access series of the European Union Open Aire project.<\/p><p>Prof. L\u00f3pez-Varela is Editorial Board Member and Scientific advisor in journals such<\/p><p>as: Comparative Literature and Culture , 1616: Anuario de la Sociedad Espa\u00f1ola de Literatura General y Comparada. Ediciones Universidad de Salamanca deSignis, the journal of<\/p><p>the Federaci\u00f3n Latinoamericana de Semi\u00f3tica (FELS)\u00a0\u00a0\u00a0\u00a0\u00a0\u00a0\u00a0 Cultura: International Journal of Philosophy of Culture and Axiology\u00a0\u00a0\u00a0\u00a0\u00a0\u00a0\u00a0\u00a0\u00a0 International Journal of Transmedia Literacy Southern Semiotic Review, HyperCultura Journal Hyperion University (Bucharest) &#8220;Studii \u015fi cercet\u0103ri \u015ftiin\u0163ifice. Seria filologie (SCS)\u201d (ISSN 1224-841X) of University &#8220;Vasile Alecsandri&#8221; and<\/p><p>the Cypriot Journal of Educational Sciences CJES at World Education Center. She is also a reviewer at the Arab Journal for the Humanities AJH, Academid Publication Council, University of Kuwait and the Journal of Language Studies of the University Kabengsaan Malaysia. L\u00f3pez- Varela collaborates with other publishing houses such as Routledge Aracne editrice<\/p><p>S.r.l. and MacMillan and Peter Lang&#8221;s Book Series &#8220;Reflections on Signs and Language&#8221;.<\/p><p>\u00a0<\/p>\t\t\t\t\t\t\t\t<\/div>\n\t\t\t\t<\/div>\n\t\t\t\t\t<\/div>\n\t\t\t\t<\/div>\n\t\t\t\t<\/div>","protected":false},"excerpt":{"rendered":"<p>Prof. Asun L\u00f3pez-Varela, PhD Foundational Member of ISAAAC Advisory Board Universidad Complutense de Madrid (UCM) Member of the Executive Committee of the Association of Alumni of the Real Colegio Complutense in Harvard University. Asun L\u00f3pez-Varela is Associate Professor at Facultad Filolog\u00eda, Universidad Complutense de Madrid since 1994. She holds a PhD Anglo-American Culture and Literary [&hellip;]<\/p>","protected":false},"author":1,"featured_media":0,"parent":0,"menu_order":0,"comment_status":"closed","ping_status":"closed","template":"","meta":{"footnotes":""},"class_list":["post-2997","page","type-page","status-publish","hentry"],"blocksy_meta":[],"_links":{"self":[{"href":"https:\/\/isaaac.tech\/es\/wp-json\/wp\/v2\/pages\/2997","targetHints":{"allow":["GET"]}}],"collection":[{"href":"https:\/\/isaaac.tech\/es\/wp-json\/wp\/v2\/pages"}],"about":[{"href":"https:\/\/isaaac.tech\/es\/wp-json\/wp\/v2\/types\/page"}],"author":[{"embeddable":true,"href":"https:\/\/isaaac.tech\/es\/wp-json\/wp\/v2\/users\/1"}],"replies":[{"embeddable":true,"href":"https:\/\/isaaac.tech\/es\/wp-json\/wp\/v2\/comments?post=2997"}],"version-history":[{"count":16,"href":"https:\/\/isaaac.tech\/es\/wp-json\/wp\/v2\/pages\/2997\/revisions"}],"predecessor-version":[{"id":6946,"href":"https:\/\/isaaac.tech\/es\/wp-json\/wp\/v2\/pages\/2997\/revisions\/6946"}],"wp:attachment":[{"href":"https:\/\/isaaac.tech\/es\/wp-json\/wp\/v2\/media?parent=2997"}],"curies":[{"name":"wp","href":"https:\/\/api.w.org\/{rel}","templated":true}]}}