{"id":2619,"date":"2025-03-12T10:54:10","date_gmt":"2025-03-12T09:54:10","guid":{"rendered":"https:\/\/isaaac.tech\/?page_id=2619"},"modified":"2025-06-20T00:10:33","modified_gmt":"2025-06-19T22:10:33","slug":"dr-eduardo-castello-ferrer-phd","status":"publish","type":"page","link":"https:\/\/isaaac.tech\/es\/dr-eduardo-castello-ferrer-phd\/","title":{"rendered":"Dr. Eduardo Castell\u00f3 Ferrer, PhD"},"content":{"rendered":"<div data-elementor-type=\"wp-page\" data-elementor-id=\"2619\" class=\"elementor elementor-2619\">\n\t\t\t\t<div class=\"elementor-element elementor-element-2ffe08f3 e-flex e-con-boxed e-con e-parent\" data-id=\"2ffe08f3\" data-element_type=\"container\" data-e-type=\"container\" data-settings=\"{&quot;background_background&quot;:&quot;classic&quot;}\">\n\t\t\t\t\t<div class=\"e-con-inner\">\n\t\t\t\t\t<\/div>\n\t\t\t\t<\/div>\n\t\t<div class=\"elementor-element elementor-element-7604a9ae e-flex e-con-boxed e-con e-parent\" data-id=\"7604a9ae\" data-element_type=\"container\" data-e-type=\"container\">\n\t\t\t\t\t<div class=\"e-con-inner\">\n\t\t<div class=\"elementor-element elementor-element-7fab832b e-con-full e-flex e-con e-child\" data-id=\"7fab832b\" data-element_type=\"container\" data-e-type=\"container\">\n\t\t\t\t<div class=\"elementor-element elementor-element-8152980 elementor-widget elementor-widget-image\" data-id=\"8152980\" data-element_type=\"widget\" data-e-type=\"widget\" data-widget_type=\"image.default\">\n\t\t\t\t<div class=\"elementor-widget-container\">\n\t\t\t\t\t\t\t\t\t\t\t\t\t\t\t<img decoding=\"async\" width=\"200\" height=\"200\" src=\"https:\/\/isaaac.tech\/wp-content\/uploads\/2025\/03\/Dr.-Eduardo-Castello-Ferrer-PhD.jpg\" class=\"attachment-medium size-medium wp-image-2621\" alt=\"\" srcset=\"https:\/\/isaaac.tech\/wp-content\/uploads\/2025\/03\/Dr.-Eduardo-Castello-Ferrer-PhD.jpg 200w, https:\/\/isaaac.tech\/wp-content\/uploads\/2025\/03\/Dr.-Eduardo-Castello-Ferrer-PhD-150x150.jpg 150w, https:\/\/isaaac.tech\/wp-content\/uploads\/2025\/03\/Dr.-Eduardo-Castello-Ferrer-PhD-12x12.jpg 12w\" sizes=\"(max-width: 200px) 100vw, 200px\" \/>\t\t\t\t\t\t\t\t\t\t\t\t\t\t\t<\/div>\n\t\t\t\t<\/div>\n\t\t\t\t<\/div>\n\t\t<div class=\"elementor-element elementor-element-463ec5fc e-con-full e-flex e-con e-child\" data-id=\"463ec5fc\" data-element_type=\"container\" data-e-type=\"container\">\n\t\t\t\t<div class=\"elementor-element elementor-element-1bb356ce elementor-widget elementor-widget-heading\" data-id=\"1bb356ce\" data-element_type=\"widget\" data-e-type=\"widget\" data-widget_type=\"heading.default\">\n\t\t\t\t<div class=\"elementor-widget-container\">\n\t\t\t\t\t<h6 class=\"elementor-heading-title elementor-size-default\">Dr. Eduardo Castell\u00f3 Ferrer, PhD<\/h6>\t\t\t\t<\/div>\n\t\t\t\t<\/div>\n\t\t\t\t<div class=\"elementor-element elementor-element-2266028 elementor-widget__width-initial elementor-widget elementor-widget-heading\" data-id=\"2266028\" data-element_type=\"widget\" data-e-type=\"widget\" data-widget_type=\"heading.default\">\n\t\t\t\t<div class=\"elementor-widget-container\">\n\t\t\t\t\t<h6 class=\"elementor-heading-title elementor-size-default\">Foundational Member  of  ISAAAC Advisory Board<\/h6>\t\t\t\t<\/div>\n\t\t\t\t<\/div>\n\t\t\t\t<div class=\"elementor-element elementor-element-15ceff32 elementor-widget elementor-widget-heading\" data-id=\"15ceff32\" data-element_type=\"widget\" data-e-type=\"widget\" data-widget_type=\"heading.default\">\n\t\t\t\t<div class=\"elementor-widget-container\">\n\t\t\t\t\t<h6 class=\"elementor-heading-title elementor-size-default\">MIT MEDIA LAB<\/h6>\t\t\t\t<\/div>\n\t\t\t\t<\/div>\n\t\t\t\t<\/div>\n\t\t\t\t\t<\/div>\n\t\t\t\t<\/div>\n\t\t<div class=\"elementor-element elementor-element-4fe88751 e-flex e-con-boxed e-con e-parent\" data-id=\"4fe88751\" data-element_type=\"container\" data-e-type=\"container\">\n\t\t\t\t\t<div class=\"e-con-inner\">\n\t\t\t\t<div class=\"elementor-element elementor-element-abbd61e elementor-widget elementor-widget-text-editor\" data-id=\"abbd61e\" data-element_type=\"widget\" data-e-type=\"widget\" data-widget_type=\"text-editor.default\">\n\t\t\t\t<div class=\"elementor-widget-container\">\n\t\t\t\t\t\t\t\t\t<p>Dr. Castell\u00f3 received his B.Sc.(Hons) in Intelligent Systems from Portsmouth University (UK) and his M.Eng. and Ph.D. degrees in Robotics Engineering from Osaka University (Japan). His research interests include swarm and distributed robotics as well as devices, for example, synergy between robotics and controlled-environment Food Computers. One aim is to discover, analyze, and integrate new techniques for precision processes.<\/p><p>Dr. Castell\u00f3 also worked at the Institute of Automatic Control Engineering (LSR), Tech- nische Universit\u00e4t M\u00fcnchen (TUM), where Dr. Castell\u00f3 tested and implemented several communication modules for the EU FP7 BEAMING project. These modules were used in order to teleoperate robotic avatars with real-time capabilities.<\/p><p><br \/><br \/><\/p>\t\t\t\t\t\t\t\t<\/div>\n\t\t\t\t<\/div>\n\t\t\t\t\t<\/div>\n\t\t\t\t<\/div>\n\t\t\t\t<\/div>","protected":false},"excerpt":{"rendered":"<p>Dr. Eduardo Castell\u00f3 Ferrer, PhD Foundational Member of ISAAAC Advisory Board MIT MEDIA LAB Dr. Castell\u00f3 received his B.Sc.(Hons) in Intelligent Systems from Portsmouth University (UK) and his M.Eng. and Ph.D. degrees in Robotics Engineering from Osaka University (Japan). His research interests include swarm and distributed robotics as well as devices, for example, synergy between [&hellip;]<\/p>","protected":false},"author":1,"featured_media":0,"parent":0,"menu_order":0,"comment_status":"closed","ping_status":"closed","template":"","meta":{"footnotes":""},"class_list":["post-2619","page","type-page","status-publish","hentry"],"blocksy_meta":[],"_links":{"self":[{"href":"https:\/\/isaaac.tech\/es\/wp-json\/wp\/v2\/pages\/2619","targetHints":{"allow":["GET"]}}],"collection":[{"href":"https:\/\/isaaac.tech\/es\/wp-json\/wp\/v2\/pages"}],"about":[{"href":"https:\/\/isaaac.tech\/es\/wp-json\/wp\/v2\/types\/page"}],"author":[{"embeddable":true,"href":"https:\/\/isaaac.tech\/es\/wp-json\/wp\/v2\/users\/1"}],"replies":[{"embeddable":true,"href":"https:\/\/isaaac.tech\/es\/wp-json\/wp\/v2\/comments?post=2619"}],"version-history":[{"count":11,"href":"https:\/\/isaaac.tech\/es\/wp-json\/wp\/v2\/pages\/2619\/revisions"}],"predecessor-version":[{"id":7030,"href":"https:\/\/isaaac.tech\/es\/wp-json\/wp\/v2\/pages\/2619\/revisions\/7030"}],"wp:attachment":[{"href":"https:\/\/isaaac.tech\/es\/wp-json\/wp\/v2\/media?parent=2619"}],"curies":[{"name":"wp","href":"https:\/\/api.w.org\/{rel}","templated":true}]}}